{"id":565,"date":"2019-09-26T23:13:19","date_gmt":"2019-09-26T20:13:19","guid":{"rendered":"http:\/\/www.celalsalcini.com\/?page_id=565"},"modified":"2020-06-29T00:29:16","modified_gmt":"2020-06-28T21:29:16","slug":"yayinlar","status":"publish","type":"page","link":"https:\/\/www.celalsalcini.com\/index.php\/yayinlar\/","title":{"rendered":"Yay\u0131nlar"},"content":{"rendered":"\n<div class=\"wp-block-image\"><figure class=\"alignright is-resized\"><img decoding=\"async\" loading=\"lazy\" src=\"http:\/\/www.celalsalcini.com\/wp-content\/uploads\/2019\/08\/NP_Beyin_Hast_Logo-1024x731.png\" alt=\"\" class=\"wp-image-470\" width=\"256\" height=\"183\" srcset=\"https:\/\/www.celalsalcini.com\/wp-content\/uploads\/2019\/08\/NP_Beyin_Hast_Logo-1024x731.png 1024w, https:\/\/www.celalsalcini.com\/wp-content\/uploads\/2019\/08\/NP_Beyin_Hast_Logo-300x214.png 300w, https:\/\/www.celalsalcini.com\/wp-content\/uploads\/2019\/08\/NP_Beyin_Hast_Logo-768x549.png 768w, https:\/\/www.celalsalcini.com\/wp-content\/uploads\/2019\/08\/NP_Beyin_Hast_Logo-560x400.png 560w, https:\/\/www.celalsalcini.com\/wp-content\/uploads\/2019\/08\/NP_Beyin_Hast_Logo-434x310.png 434w, https:\/\/www.celalsalcini.com\/wp-content\/uploads\/2019\/08\/NP_Beyin_Hast_Logo-267x191.png 267w, https:\/\/www.celalsalcini.com\/wp-content\/uploads\/2019\/08\/NP_Beyin_Hast_Logo.png 1984w\" sizes=\"(max-width: 256px) 100vw, 256px\" \/><\/figure><\/div>\n\n\n\n<figure class=\"wp-block-image is-resized\"><img decoding=\"async\" loading=\"lazy\" src=\"http:\/\/www.celalsalcini.com\/wp-content\/uploads\/2019\/09\/thomson-reuters-logo.jpg\" alt=\"\" class=\"wp-image-711\" width=\"200\" height=\"200\" srcset=\"https:\/\/www.celalsalcini.com\/wp-content\/uploads\/2019\/09\/thomson-reuters-logo.jpg 400w, https:\/\/www.celalsalcini.com\/wp-content\/uploads\/2019\/09\/thomson-reuters-logo-150x150.jpg 150w, https:\/\/www.celalsalcini.com\/wp-content\/uploads\/2019\/09\/thomson-reuters-logo-300x300.jpg 300w\" sizes=\"(max-width: 200px) 100vw, 200px\" \/><\/figure>\n\n\n\n<p><a href=\"https:\/\/www.researchgate.net\/publication\/338406925_Proteasome_modulator_9_gene_rs14259_polymorphism_in_patients_with_diabetic_polyneuropahy?_sg=RluMdj2cNGuN04Df5psQP0gxOwGhaS1s1Cw5fS5BRCR58VOY6VxuNftyxFnseG5al9ZqovSL2XmqYawf96XTpv2hE_mvvtBaH5QHwvya.edZrU09dvlve9QlGGajCBjLasmFeNd9AX6Ljoa4rRgt2g3-oN4HrGZBrArFs_B7NqmJmM7Xh_Zoywdp7aBt1HA\"><strong>Proteasome modulator 9 gene rs14259 polymorphism in patients with diabetic polyneuropahy<\/strong><\/a> <strong>Celal \u015eal\u00e7ini<\/strong>, G\u00fclin Sunter, Belk\u0131s Atasever Arslan, Fatih \u00d6zen, Ay\u015fe \u00d6zer. 30.12.2019; DOI: 10.29399\/npa.24801<\/p>\n\n\n\n<p><a href=\"https:\/\/www.researchgate.net\/publication\/341063203_Quantitative_EEG_Differences_in_Subtypes_of_Frontotemporal_Dementia?_sg=RluMdj2cNGuN04Df5psQP0gxOwGhaS1s1Cw5fS5BRCR58VOY6VxuNftyxFnseG5al9ZqovSL2XmqYawf96XTpv2hE_mvvtBaH5QHwvya.edZrU09dvlve9QlGGajCBjLasmFeNd9AX6Ljoa4rRgt2g3-oN4HrGZBrArFs_B7NqmJmM7Xh_Zoywdp7aBt1HA\"><strong>Quantitative EEG Differences in Subtypes of Frontotemporal Dementia<\/strong><\/a> <strong>Celal \u015eal\u00e7ini<\/strong>, Merve \u00c7ebi, Ay\u015fe Berna Sar\u0131, O\u011fuz Tanr\u0131da\u011f, Nevzat Tarhan. Psychiatry and Clinical Psychopharmacology 2020;30(2):182-185<\/p>\n\n\n\n<p><strong><a href=\"https:\/\/www.tandfonline.com\/doi\/pdf\/10.1080\/24750573.2017.1421398?needAccess=true\">The impact of high-frequency repetitive transcranial magnetic stimulation on executive functioning of drug-free patients with treatment-resistant depression.    <\/a>Celal \u015eal\u00e7ini<\/strong>, G\u00f6kben H\u0131zl\u0131 Sayar, Merve \u00c7ebi, O\u011fuz Tan, Gaye Ka\u011fan, O\u011fuz Tanr\u0131da\u011f &amp; Nevzat Tarhan&nbsp;(2018)&nbsp;,&nbsp;Psychiatry and Clinical Psychopharmacology,&nbsp;28:2,&nbsp;185-190 <\/p>\n\n\n\n<p><strong><a href=\"https:\/\/www.ncbi.nlm.nih.gov\/pubmed\/29284291\">The Use of Quantitative EEG for Differentiating Frontotemporal Dementia From Late-Onset Bipolar Disorder<\/a><\/strong><a href=\"https:\/\/www.ncbi.nlm.nih.gov\/pubmed\/29284291\">.<\/a> Metin, S. Z., Erguzel, T. T., Ertan, G., <strong>\u015eal\u00e7ini Celal<\/strong>, Kocarslan, B., Cebi, M., Tanridag O., Tarhan, N. (2018). <em>Clinical EEG and Neuroscience<\/em>,&nbsp;<em>49<\/em>(3), 171\u2013176. <\/p>\n\n\n\n<p><strong><a href=\"https:\/\/www.ncbi.nlm.nih.gov\/pmc\/articles\/PMC5439477\/pdf\/npa-54-1-78.pdf\">Brainstem Reflexes in Systemic Lupus Erythematosus Patients Without Clinical Neurological Manifestations.<\/a><\/strong> <strong>\u015eal\u00e7ini Celal<\/strong>, Ba\u015ftan B, Sunter G, Kahraman Koytak P, Yilmaz O, Tanrida\u011f T, Us \u00d6, Ulu\u00e7 K.&nbsp;<em>Noro Psikiyatr Ars<\/em>. 2017 Mar;54(1):78-81. <\/p>\n\n\n\n<p><strong><a href=\"https:\/\/casereports.bmj.com\/content\/casereports\/2016\/bcr-2016-215098.full.pdf\">Porencephalic cyst and late onset brief psychotic disorder<\/a><\/strong>, Noyan&nbsp;OC,&nbsp;<strong>\u015eal\u00e7ini&nbsp;Celal<\/strong>,&nbsp;Talu&nbsp;BS<em>, et al<\/em>, <em>Case Reports&nbsp;<\/em>2016;2016:bcr2016215098.<\/p>\n\n\n\n<p><strong><a href=\"https:\/\/insights.ovid.com\/article\/00124509-201609000-00030\">Transcranial Magnetic Stimulation in a Depressive Patient With Cardiac Pacemaker<\/a><\/strong> Hizli Sayar, G\u00f6kben MD; <strong>\u015eal\u00e7ini, Celal<\/strong> MD; Tarhan, Nevzat MD The Journal of ECT:&nbsp;September 2016 &#8211; Volume 32 &#8211; Issue 3 &#8211; p e22\u2013e23<\/p>\n\n\n\n<p><strong><a href=\"https:\/\/thejcn.com\/Synapse\/Data\/PDFData\/0145JCN\/jcn-12-166.pdf\">Motor-Unit Number Estimation Is Sensitive in Detecting Motor Nerve Involvement in Patients with Carpal Tunnel Syndrome<\/a><\/strong>.&nbsp;&nbsp;Yilmaz O, Sunter G, <strong>\u015eal\u00e7ini Celal<\/strong>, Koytak PK, Tanridag T, Us O, Uluc K.&nbsp;&nbsp; J Clin Neurol. 2016 Apr;12(2):166-171.<\/p>\n\n\n\n<p><strong><a href=\"https:\/\/www.jstage.jst.go.jp\/article\/tjem\/239\/1\/239_73\/_pdf\/-char\/en\">High Plasma Pentraxin 3 Levels in Diabetic Polyneuropathy Patients with Nociceptive Pain<\/a>.&nbsp;\u015eal\u00e7ini Celal<\/strong>, Atasever-Arslan B, Sunter G, Gur H, Isik FB, Saylan CC et al.&nbsp; Tohoku J Exp Med&nbsp;2016;&nbsp;239: 73\u201379<\/p>\n\n\n\n<p><strong><a href=\"https:\/\/casereports.bmj.com\/content\/casereports\/2015\/bcr-2015-212064.full.pdf\">Extensive frontal grey matter volume reduction related to a possible sequelae of encephalitis,<\/a><\/strong> Evrensel&nbsp;A,&nbsp;Ceylan&nbsp;ME,&nbsp;<strong>\u015eal\u00e7ini Celal<\/strong>, et al, Case Reports&nbsp;2015<\/p>\n\n\n\n<p><strong><a href=\"https:\/\/www.ncbi.nlm.nih.gov\/pmc\/articles\/PMC4460396\/pdf\/bcr-2015-209669.pdf\">Cervical dermatomal zona misdiagnosed as ulnar nerve entrapment<\/a><\/strong><a href=\"https:\/\/www.ncbi.nlm.nih.gov\/pmc\/articles\/PMC4460396\/pdf\/bcr-2015-209669.pdf\"> <\/a><strong>\u015eal\u00e7ini&nbsp;Celal<\/strong>,&nbsp;Sunter&nbsp;G,&nbsp;Gumustas&nbsp;SA<em>, et al, Case Reports&nbsp;<\/em>BMJ 2015<\/p>\n\n\n\n<p><strong><a href=\"https:\/\/www.ncbi.nlm.nih.gov\/pmc\/articles\/PMC4442164\/pdf\/bcr-2015-209691.pdf\">Episodic headache due to ruptured intracranial dermoid cyst. <\/a>\u015eal\u00e7ini&nbsp;Celal<\/strong>,&nbsp;Hat\u0131lo\u011flu&nbsp;D,&nbsp;Evrensel&nbsp;A<em>, et al, Case Reports&nbsp;<\/em>BMJ 2015<\/p>\n\n\n\n<p><strong><a href=\"https:\/\/www.ejmanager.com\/mnstemps\/91\/apd_15_11_09.pdf?t=1569771381\">Bipolar disorder that presented with mixed symptoms that accompany Wilson disease: a case report<\/a><\/strong><a href=\"https:\/\/www.ejmanager.com\/mnstemps\/91\/apd_15_11_09.pdf?t=1569771381\">,<\/a> Eryilmaz, G\u00fcl;&nbsp;Yorbik, \u00d6zg\u00fcr;&nbsp;G\u00fcl, Igil G\u00f6gceg\u00f6z;&nbsp;<strong>\u015eal\u00e7ini Celal. <\/strong>Anadolu Psikiyatri Dergisi, ek Supplement 1; Sivas&nbsp;Vol.&nbsp;15,&nbsp;&nbsp;(2014): S28-S30.<\/p>\n\n\n\n<p><strong><a href=\"https:\/\/onlinelibrary.wiley.com\/doi\/10.1111\/ner.12129\">Transcranial Direct Current Stimulation in a Patient With Schizoaffective Disorder Manic Episode.<\/a> <\/strong>H\u0131zl\u0131 Sayar, G., <strong>\u015eal\u00e7ini Celal.<\/strong> , \u00d6zten, E. , G\u00fcl, I. G. and Ery\u0131lmaz, G. (2014), , Letter to the editor. Neuromodulation: Technology at the Neural Interface, 17: 743-745. <\/p>\n\n\n\n<p><strong><a href=\"http:\/\/www.pbsciences.org\/pdf\/EN-JMOOD-6c3e6e19.pdf\">Valproik asit kullan\u0131m\u0131na ba\u011fl\u0131 geli\u015fen hiperamonyemik ensefalopati: Vaka sunumu<\/a><\/strong><a href=\"http:\/\/www.pbsciences.org\/pdf\/EN-JMOOD-6c3e6e19.pdf\"> <\/a>G Ery\u0131lmaz, IG G\u00fcl, B\u00d6 \u00dcnsalver, <strong>Celal \u015eal\u00e7ini<\/strong>, E Sa\u011flam&nbsp;&#8211; Journal of Mood Disorders, 2014<\/p>\n\n\n\n<p><strong><a href=\"https:\/\/onlinelibrary.wiley.com\/doi\/abs\/10.1002\/mus.23876\">Motor nerve impairment in diabetic patients with symmetrical distal sensory polyneuropathy: A single nerve fiber conduction velocity study<\/a><\/strong> Sunter, G. , Uluc, K. , <strong>\u015eal\u00e7ini, Celal<\/strong>. , Temucin, C. M., Yilmaz, O. , Tanridag, T. , Us, O. and Padua, L. (2014),<strong>.<\/strong> Muscle Nerve, 49: 84-89.<\/p>\n\n\n\n<p><strong><a href=\"https:\/\/dergipark.org.tr\/tr\/download\/article-file\/109772\">Cerebellar cognitive affective syndrome related to chiari malformation: a case report<\/a><\/strong>. GH Sayar, <strong>Celal \u015eal\u00e7ini<\/strong>, E Ozten, G Eryilmaz, O Tanridag. Psychiatry and Behavioral Sciences 3 (4), 182<\/p>\n\n\n\n<p><strong><a href=\"https:\/\/www.bibliomed.org\/mnsfulltext\/apd_14_03_14.pdf?t=1569772040\">Seizure in a patient receiving transcranial magnetic stimulation treatment,<\/a> <\/strong>             GH Sayar, O Tan, G Eryilmaz, E \u00d6zten, <strong>Celal \u015eal\u00e7ini<\/strong>, N Tarhan<strong>., <\/strong>Anadolu Psikiyatri Dergisi 14 (3), 287<\/p>\n\n\n\n<p><strong><a href=\"http:\/\/www.oapublishinglondon.com\/images\/article\/pdf\/1393761918.pdf\">Frontotemporal dementia patient with bipolar disorder: a case report<\/a><\/strong><a href=\"http:\/\/www.oapublishinglondon.com\/images\/article\/pdf\/1393761918.pdf\"> <\/a>                       E Ozten, S Hizli, <strong>Celal \u015eal\u00e7ini,<\/strong> G Kagan, O Tanridag&nbsp;&#8211; OA Case Rep, 2013<\/p>\n\n\n\n<p><strong><a href=\"https:\/\/www.ncbi.nlm.nih.gov\/pubmed\/20724211\">A neurophysiological approach to the complex organisation of the spine: F-wave duration and the cutaneous silent period in restless legs syndrome<\/a><\/strong> Baris Isak, Kayihan Uluc<strong>, Celal \u015eal\u00e7ini,<\/strong> Kadriye Agan, Tulin Tanridag, Onder Us., Clinical Neurophysiology<strong>. <\/strong>Volume 122, Issue 2,2011,Pages 383-390,<\/p>\n\n\n\n<p><strong><a href=\"http:\/\/dspace.marmara.edu.tr\/bitstream\/handle\/11424\/2257\/pdf_MMJ_479.pdf?sequence=1&amp;isAllowed=y\">Bilateral Thalamic Anaplastic Glioma: Case Report<\/a><\/strong>. Ibrahim Sun, <strong>Celal \u015eal\u00e7ini<\/strong> , Ayca Sun, Baran Y\u0131lmaz, Kadriye Agan. Marmara Medical Journal 2008, Cilt 21, Say\u0131 3, Sayfa(lar) 257-260<\/p>\n\n\n\n<p><strong>Bir Lafora Olgusunda Elektrofizyoloji ve Patoloji Bulgular\u0131.<\/strong> A\u011fan K, Erba\u015f B, <strong>\u015eal\u00e7ini Celal<\/strong>, Ulu\u00e7 K, G\u00fcnal D, Aktan S. 42. Ulusal N\u00f6roloji Kongresi, 2006<\/p>\n\n\n\n<p><strong>T\u00fcmefaktif MS: Bir Olgu Sunumu.<\/strong> Deniz Borucu, <strong>Celal \u015eal\u00e7ini<\/strong>, Bet\u00fcl \u00d6zdilek, Kay\u0131han Ulu\u00e7, Ne\u015fe Tuncer Elmac\u0131, Dilek \u0130nce G\u00fcnal. 43. Ulusal N\u00f6roloji Kongresi, 2007<\/p>\n\n\n\n<p><strong>Creutzfeldt-Jacob Hastal\u0131\u011f\u0131; Radyolojik ve BOS Bulgular\u0131 ile Olgu Sunumu<\/strong>. Orhan Y\u0131lmaz, <strong>Celal \u015eal\u00e7ini<\/strong>, Mesrure K\u00f6seo\u011flu, Kay\u0131han Ulu\u00e7, \u0130pek Midi, Ne\u015fe Tuncer,\u00d6nder Us, 43. Ulusal N\u00f6roloji Kongresi, 2007<\/p>\n\n\n\n<p><strong>D\u00fc\u015f\u00fck Doz Risperidona Sekonder Tardiv Distoni Olgusu<\/strong>. <strong>Celal \u015eal\u00e7ini<\/strong>, Kadriye A\u011fan, Dilek \u0130nce G\u00fcnal, 8. Ulusal Parkinson ve Hareket Bozukluklar\u0131 Kongresi, 2009<\/p>\n\n\n\n<p><strong>Merrit&#8217;s Neurology Handbook <\/strong>adl\u0131 kitab\u0131n KISIM XVI &#8220;SP\u0130NAL KORD HASTALIKLARI&#8221; b\u00f6l\u00fcm\u00fc, s:493-502 Uz.Dr. Kay\u0131han Ulu\u00e7, <strong>Dr. Celal \u015eal\u00e7ini<\/strong>, \u00c7eviri edit\u00f6r\u00fc O. Do\u011fu, G\u00fcne\u015f T\u0131p Kitapevleri, ISBN No: 978-975-277-207-6, Ankara 2009 <\/p>\n\n\n\n<p><\/p>\n","protected":false},"excerpt":{"rendered":"<p>Proteasome modulator 9 gene rs14259 polymorphism in patients with diabetic polyneuropahy Celal \u015eal\u00e7ini, G\u00fclin Sunter, Belk\u0131s Atasever Arslan, Fatih \u00d6zen, Ay\u015fe \u00d6zer. 30.12.2019; DOI: 10.29399\/npa.24801 Quantitative EEG Differences in Subtypes of Frontotemporal Dementia Celal \u015eal\u00e7ini, Merve \u00c7ebi, Ay\u015fe Berna Sar\u0131, O\u011fuz Tanr\u0131da\u011f, Nevzat Tarhan. Psychiatry and Clinical Psychopharmacology 2020;30(2):182-185 The impact of high-frequency repetitive transcranial&hellip; <br \/> <a class=\"read-more\" href=\"https:\/\/www.celalsalcini.com\/index.php\/yayinlar\/\">Devam\u0131<\/a><\/p>\n","protected":false},"author":1,"featured_media":711,"parent":0,"menu_order":0,"comment_status":"closed","ping_status":"closed","template":"","meta":{"_mi_skip_tracking":false},"_links":{"self":[{"href":"https:\/\/www.celalsalcini.com\/index.php\/wp-json\/wp\/v2\/pages\/565"}],"collection":[{"href":"https:\/\/www.celalsalcini.com\/index.php\/wp-json\/wp\/v2\/pages"}],"about":[{"href":"https:\/\/www.celalsalcini.com\/index.php\/wp-json\/wp\/v2\/types\/page"}],"author":[{"embeddable":true,"href":"https:\/\/www.celalsalcini.com\/index.php\/wp-json\/wp\/v2\/users\/1"}],"replies":[{"embeddable":true,"href":"https:\/\/www.celalsalcini.com\/index.php\/wp-json\/wp\/v2\/comments?post=565"}],"version-history":[{"count":25,"href":"https:\/\/www.celalsalcini.com\/index.php\/wp-json\/wp\/v2\/pages\/565\/revisions"}],"predecessor-version":[{"id":860,"href":"https:\/\/www.celalsalcini.com\/index.php\/wp-json\/wp\/v2\/pages\/565\/revisions\/860"}],"wp:featuredmedia":[{"embeddable":true,"href":"https:\/\/www.celalsalcini.com\/index.php\/wp-json\/wp\/v2\/media\/711"}],"wp:attachment":[{"href":"https:\/\/www.celalsalcini.com\/index.php\/wp-json\/wp\/v2\/media?parent=565"}],"curies":[{"name":"wp","href":"https:\/\/api.w.org\/{rel}","templated":true}]}}